{"id":815,"date":"2025-06-29T10:01:07","date_gmt":"2025-06-29T10:01:07","guid":{"rendered":"https:\/\/alshabrawygroup.com\/a-propos-de-nous\/"},"modified":"2025-07-07T11:41:20","modified_gmt":"2025-07-07T11:41:20","slug":"a-propos-de-nous","status":"publish","type":"page","link":"https:\/\/alshabrawygroup.com\/fr\/a-propos-de-nous\/","title":{"rendered":"\u00c0 propos de nous"},"content":{"rendered":"\t\t<div data-elementor-type=\"wp-page\" data-elementor-id=\"815\" class=\"elementor elementor-815 elementor-271\" data-elementor-post-type=\"page\">\n\t\t\t\t\t\t<section class=\"elementor-section elementor-top-section elementor-element elementor-element-e624672 elementor-section-boxed elementor-section-height-default elementor-section-height-default\" data-id=\"e624672\" data-element_type=\"section\">\n\t\t\t\t\t\t<div class=\"elementor-container elementor-column-gap-default\">\n\t\t\t\t\t<div class=\"elementor-column elementor-col-100 elementor-top-column elementor-element elementor-element-f1b7f8d\" data-id=\"f1b7f8d\" data-element_type=\"column\">\n\t\t\t<div class=\"elementor-widget-wrap elementor-element-populated\">\n\t\t\t\t\t\t<div class=\"elementor-element elementor-element-bb366eb elementor-widget__width-initial elementor-widget elementor-widget-image\" data-id=\"bb366eb\" data-element_type=\"widget\" data-widget_type=\"image.default\">\n\t\t\t\t<div class=\"elementor-widget-container\">\n\t\t\t\t\t\t\t\t\t\t\t\t\t\t\t<img fetchpriority=\"high\" decoding=\"async\" width=\"550\" height=\"123\" src=\"https:\/\/alshabrawygroup.com\/wp-content\/uploads\/2025\/06\/\u0644\u0648\u062c\u0648-\u0627\u0644\u0634\u0628\u0631\u0627\u0627\u0648\u0649-1-1-e1751191654896.png\" class=\"attachment-large size-large wp-image-816\" alt=\"\" srcset=\"https:\/\/alshabrawygroup.com\/wp-content\/uploads\/2025\/06\/\u0644\u0648\u062c\u0648-\u0627\u0644\u0634\u0628\u0631\u0627\u0627\u0648\u0649-1-1-e1751191654896.png 550w, https:\/\/alshabrawygroup.com\/wp-content\/uploads\/2025\/06\/\u0644\u0648\u062c\u0648-\u0627\u0644\u0634\u0628\u0631\u0627\u0627\u0648\u0649-1-1-e1751191654896-300x67.png 300w\" sizes=\"(max-width: 550px) 100vw, 550px\" \/>\t\t\t\t\t\t\t\t\t\t\t\t\t\t\t<\/div>\n\t\t\t\t<\/div>\n\t\t\t\t\t<\/div>\n\t\t<\/div>\n\t\t\t\t\t<\/div>\n\t\t<\/section>\n\t\t\t\t<section class=\"elementor-section elementor-top-section elementor-element elementor-element-1173331 elementor-section-boxed elementor-section-height-default elementor-section-height-default\" data-id=\"1173331\" data-element_type=\"section\">\n\t\t\t\t\t\t<div class=\"elementor-container elementor-column-gap-default\">\n\t\t\t\t\t<div class=\"elementor-column elementor-col-100 elementor-top-column elementor-element elementor-element-7b2d92f\" data-id=\"7b2d92f\" data-element_type=\"column\">\n\t\t\t<div class=\"elementor-widget-wrap elementor-element-populated\">\n\t\t\t\t\t\t<div class=\"elementor-element elementor-element-277ba12 elementor-widget elementor-widget-heading\" data-id=\"277ba12\" data-element_type=\"widget\" data-widget_type=\"heading.default\">\n\t\t\t\t<div class=\"elementor-widget-container\">\n\t\t\t\t\t<h2 class=\"elementor-heading-title elementor-size-default\">\u00c0 propos de nous<\/h2>\t\t\t\t<\/div>\n\t\t\t\t<\/div>\n\t\t\t\t<div class=\"elementor-element elementor-element-517f8f7 elementor-widget__width-initial elementor-widget elementor-widget-text-editor\" data-id=\"517f8f7\" data-element_type=\"widget\" data-widget_type=\"text-editor.default\">\n\t\t\t\t<div class=\"elementor-widget-container\">\n\t\t\t\t\t\t\t\t\t<p><strong>Groupe Al-Shabrawy <\/strong><\/p>\n<p><strong>Notre slogan : La qualit\u00e9 se r\u00e9colte et la confiance se transmet au monde entier<\/strong><\/p>\n<p>Al-Shabrawy Import, Export, and General Trading Company est une soci\u00e9t\u00e9 commerciale agricole et l&rsquo;un des principaux piliers de l&rsquo;exportation de fruits et l\u00e9gumes frais, tant au niveau local qu&rsquo;international.<\/p>\n<p>Cr\u00e9\u00e9e en 1990, elle s&rsquo;est concentr\u00e9e sur l&rsquo;agriculture et l&rsquo;approvisionnement locaux, puis s&rsquo;est \u00e9tendue \u00e0 l&rsquo;exportation internationale en 2020. Son objectif est de connecter les agriculteurs locaux aux march\u00e9s mondiaux et de fournir des produits agricoles de haute qualit\u00e9, conformes aux normes internationales de sant\u00e9 et de s\u00e9curit\u00e9.<\/p>\n<p>Nous sommes fiers de faire le lien entre les terres fertiles d&rsquo;\u00c9gypte, le gouvernorat de Dakhleya et le monde entier, en garantissant aux importateurs des l\u00e9gumes frais aux meilleurs prix, saveurs et valeurs.<\/p>\n<p>D\u00e9but&nbsp;, l&rsquo;entreprise a commenc\u00e9 \u00e0 exporter des produits agricoles vers tous les pays arabes. Pays, notamment les \u00c9tats du Golfe, puis exportons vers l&rsquo;Europe.<\/p>\n<p><strong>Pourquoi sommes-nous les meilleurs ?<\/strong><\/p>\n<p><strong>1- Qualit\u00e9 in\u00e9gal\u00e9e<\/strong><\/p>\n<p>Nous s\u00e9lectionnons soigneusement nos l\u00e9gumes en utilisant les derni\u00e8res technologies agricoles durables et en respectant les normes de qualit\u00e9 internationales.<\/p>\n<p>2- Type de produit<\/p>\n<p>Nous proposons une grande vari\u00e9t\u00e9 de l\u00e9gumes, notamment des oignons rouges, jaunes et blancs.  <\/p>\n<p><strong>3 &#8211; Emballage avanc\u00e9<\/strong><\/p>\n<p>Nous utilisons des technologies de refroidissement et de conditionnement avanc\u00e9es pour pr\u00e9server la fra\u00eecheur des produits pendant le transport.<\/p>\n<p><strong>4- R\u00e9seau logistique mondial<\/strong><\/p>\n<p>Nous collaborons avec des soci\u00e9t\u00e9s de transport de premier plan pour livrer nos exp\u00e9ditions dans les d\u00e9lais impartis dans le monde entier.<\/p>\n<p><strong>&nbsp;<\/strong><\/p>\n<p>\u00catre le leader mondial de l&rsquo;exportation de fruits et l\u00e9gumes frais et les livrer en Europe. Am\u00e9liorer la s\u00e9curit\u00e9 alimentaire mondiale gr\u00e2ce \u00e0 des m\u00e9thodes durables et respectueuses de l&rsquo;environnement.<\/p>\n<p><strong>6- Nos partenaires<\/strong><\/p>\n<p>Nous travaillons en \u00e9troite collaboration avec les agriculteurs locaux pour d\u00e9velopper leurs comp\u00e9tences et garantir une r\u00e9colte de qualit\u00e9. Nous collaborons \u00e9galement avec des agences gouvernementales et internationales pour promouvoir le secteur agricole et l&rsquo;exportation dans le monde entier.<\/p>\n<p>Courriel : Sales@alshabrawygroup.com <\/p>\n<p>T\u00e9l\u00e9phone<\/p>\n<p>Pays : \u00c9gypte <\/p>\n<p>Chez Al Shabrawy Group, <span style=\"font-style: inherit; font-weight: inherit; background-color: var(--ast-global-color-5);\">nous sommes convaincus que chaque l\u00e9gume porte l&rsquo;histoire d&rsquo;une terre et d&rsquo;un peuple. Rejoignez-nous sur la voie du succ\u00e8s, o\u00f9 nous cultivons la confiance et obtenons une satisfaction mondiale.<\/span><\/p>\n<p>Et exportons avec succ\u00e8s.<\/p>\t\t\t\t\t\t\t\t<\/div>\n\t\t\t\t<\/div>\n\t\t\t\t\t<\/div>\n\t\t<\/div>\n\t\t\t\t\t<\/div>\n\t\t<\/section>\n\t\t\t\t<\/div>\n\t\t","protected":false},"excerpt":{"rendered":"<p>\u00c0 propos de nous Groupe Al-Shabrawy Notre slogan : La qualit\u00e9 se r\u00e9colte et la confiance se transmet au monde [&hellip;]<\/p>\n","protected":false},"author":1,"featured_media":0,"parent":0,"menu_order":0,"comment_status":"closed","ping_status":"closed","template":"","meta":{"site-sidebar-layout":"no-sidebar","site-content-layout":"","ast-site-content-layout":"full-width-container","site-content-style":"default","site-sidebar-style":"default","ast-global-header-display":"","ast-banner-title-visibility":"","ast-main-header-display":"","ast-hfb-above-header-display":"","ast-hfb-below-header-display":"","ast-hfb-mobile-header-display":"","site-post-title":"disabled","ast-breadcrumbs-content":"","ast-featured-img":"disabled","footer-sml-layout":"","theme-transparent-header-meta":"","adv-header-id-meta":"","stick-header-meta":"","header-above-stick-meta":"","header-main-stick-meta":"","header-below-stick-meta":"","astra-migrate-meta-layouts":"default","ast-page-background-enabled":"default","ast-page-background-meta":{"desktop":{"background-color":"var(--ast-global-color-5)","background-image":"","background-repeat":"repeat","background-position":"center center","background-size":"auto","background-attachment":"scroll","background-type":"","background-media":"","overlay-type":"","overlay-color":"","overlay-opacity":"","overlay-gradient":""},"tablet":{"background-color":"","background-image":"","background-repeat":"repeat","background-position":"center center","background-size":"auto","background-attachment":"scroll","background-type":"","background-media":"","overlay-type":"","overlay-color":"","overlay-opacity":"","overlay-gradient":""},"mobile":{"background-color":"","background-image":"","background-repeat":"repeat","background-position":"center center","background-size":"auto","background-attachment":"scroll","background-type":"","background-media":"","overlay-type":"","overlay-color":"","overlay-opacity":"","overlay-gradient":""}},"ast-content-background-meta":{"desktop":{"background-color":"var(--ast-global-color-4)","background-image":"","background-repeat":"repeat","background-position":"center center","background-size":"auto","background-attachment":"scroll","background-type":"","background-media":"","overlay-type":"","overlay-color":"","overlay-opacity":"","overlay-gradient":""},"tablet":{"background-color":"var(--ast-global-color-4)","background-image":"","background-repeat":"repeat","background-position":"center center","background-size":"auto","background-attachment":"scroll","background-type":"","background-media":"","overlay-type":"","overlay-color":"","overlay-opacity":"","overlay-gradient":""},"mobile":{"background-color":"var(--ast-global-color-4)","background-image":"","background-repeat":"repeat","background-position":"center center","background-size":"auto","background-attachment":"scroll","background-type":"","background-media":"","overlay-type":"","overlay-color":"","overlay-opacity":"","overlay-gradient":""}},"footnotes":""},"class_list":["post-815","page","type-page","status-publish","hentry"],"_links":{"self":[{"href":"https:\/\/alshabrawygroup.com\/fr\/wp-json\/wp\/v2\/pages\/815","targetHints":{"allow":["GET"]}}],"collection":[{"href":"https:\/\/alshabrawygroup.com\/fr\/wp-json\/wp\/v2\/pages"}],"about":[{"href":"https:\/\/alshabrawygroup.com\/fr\/wp-json\/wp\/v2\/types\/page"}],"author":[{"embeddable":true,"href":"https:\/\/alshabrawygroup.com\/fr\/wp-json\/wp\/v2\/users\/1"}],"replies":[{"embeddable":true,"href":"https:\/\/alshabrawygroup.com\/fr\/wp-json\/wp\/v2\/comments?post=815"}],"version-history":[{"count":3,"href":"https:\/\/alshabrawygroup.com\/fr\/wp-json\/wp\/v2\/pages\/815\/revisions"}],"predecessor-version":[{"id":823,"href":"https:\/\/alshabrawygroup.com\/fr\/wp-json\/wp\/v2\/pages\/815\/revisions\/823"}],"wp:attachment":[{"href":"https:\/\/alshabrawygroup.com\/fr\/wp-json\/wp\/v2\/media?parent=815"}],"curies":[{"name":"wp","href":"https:\/\/api.w.org\/{rel}","templated":true}]}}