{"id":804,"date":"2025-06-02T13:43:08","date_gmt":"2025-06-02T13:43:08","guid":{"rendered":"https:\/\/alshabrawygroup.com\/politique-de-confidentialite\/"},"modified":"2025-07-07T10:42:12","modified_gmt":"2025-07-07T10:42:12","slug":"politique-de-confidentialite","status":"publish","type":"page","link":"https:\/\/alshabrawygroup.com\/fr\/politique-de-confidentialite\/","title":{"rendered":"Politique de confidentialit\u00e9"},"content":{"rendered":"\t\t<div data-elementor-type=\"wp-page\" data-elementor-id=\"804\" class=\"elementor elementor-804 elementor-3\" data-elementor-post-type=\"page\">\n\t\t\t\t\t\t<section class=\"elementor-section elementor-top-section elementor-element elementor-element-4bf12c46 elementor-section-boxed elementor-section-height-default elementor-section-height-default\" data-id=\"4bf12c46\" data-element_type=\"section\">\n\t\t\t\t\t\t<div class=\"elementor-container elementor-column-gap-default\">\n\t\t\t\t\t<div class=\"elementor-column elementor-col-100 elementor-top-column elementor-element elementor-element-33d5f1d0\" data-id=\"33d5f1d0\" data-element_type=\"column\">\n\t\t\t<div class=\"elementor-widget-wrap elementor-element-populated\">\n\t\t\t\t\t\t<div class=\"elementor-element elementor-element-16fd909a elementor-widget elementor-widget-text-editor\" data-id=\"16fd909a\" data-element_type=\"widget\" data-widget_type=\"text-editor.default\">\n\t\t\t\t<div class=\"elementor-widget-container\">\n\t\t\t\t\t\t\t\t\t\n<h2 data-start=\"218\" data-end=\"235\">Politique de confidentialit\u00e9<\/h2>\n<p data-start=\"237\" data-end=\"293\">Nous respectons votre vie priv\u00e9e et nous engageons \u00e0 la prot\u00e9ger par le biais de cette politique.<\/p>\n<h3 data-start=\"295\" data-end=\"323\">1. Informations collect\u00e9es<\/h3>\n<p data-start=\"324\" data-end=\"369\">Nous pouvons collecter diff\u00e9rents types d&rsquo;informations, notamment : <\/p>\n<ul data-start=\"370\" data-end=\"573\">\n<li data-start=\"370\" data-end=\"477\">\n<p data-start=\"372\" data-end=\"477\">Informations personnelles : nom, adresse e-mail, num\u00e9ro de t\u00e9l\u00e9phone et autres informations que vous fournissez volontairement.    <\/p>\n<\/li>\n<li data-start=\"478\" data-end=\"573\">\n<p data-start=\"480\" data-end=\"573\">Informations non personnelles : type de navigateur, adresse IP, pages consult\u00e9es sur notre site et dur\u00e9e de votre visite.    <\/p>\n<\/li>\n<\/ul>\n<h3 data-start=\"575\" data-end=\"602\">2. Utilisation des informations<\/h3>\n<p data-start=\"603\" data-end=\"644\">Nous utilisons les informations collect\u00e9es notamment pour :<\/p>\n<ul data-start=\"645\" data-end=\"763\">\n<li data-start=\"645\" data-end=\"668\">\n<p data-start=\"647\" data-end=\"668\">Am\u00e9liorer votre exp\u00e9rience utilisateur.<\/p>\n<\/li>\n<li data-start=\"669\" data-end=\"695\">\n<p data-start=\"671\" data-end=\"695\">Am\u00e9liorer nos services.<\/p>\n<\/li>\n<li data-start=\"696\" data-end=\"731\">\n<p data-start=\"698\" data-end=\"731\">Vous contacter au sujet de mises \u00e0 jour ou d&rsquo;offres.<\/p>\n<\/li>\n<li data-start=\"732\" data-end=\"763\">\n<p data-start=\"734\" data-end=\"763\">Conform\u00e9ment aux exigences l\u00e9gales.<\/p>\n<\/li>\n<\/ul>\n<h3 data-start=\"765\" data-end=\"787\">3. Protection des informations<\/h3>\n<p data-start=\"788\" data-end=\"878\">Nous mettons en \u0153uvre des mesures de s\u00e9curit\u00e9 techniques et organisationnelles pour prot\u00e9ger vos informations contre tout acc\u00e8s ou utilisation non autoris\u00e9s<\/p>\n<h3 data-start=\"880\" data-end=\"903\">4. Partage d&rsquo;informations<\/h3>\n<p data-start=\"904\" data-end=\"985\">Nous ne vendons, ne louons ni ne partageons vos informations personnelles avec des tiers, sauf dans les cas suivants :<\/p>\n<ul data-start=\"986\" data-end=\"1112\">\n<li data-start=\"986\" data-end=\"1005\">\n<p data-start=\"988\" data-end=\"1005\">Si la loi l&rsquo;exige.<\/p>\n<\/li>\n<li data-start=\"1006\" data-end=\"1029\">\n<p data-start=\"1008\" data-end=\"1029\">Si la loi l&rsquo;exige.<\/p>\n<\/li>\n<li data-start=\"1030\" data-end=\"1112\">\n<p data-start=\"1032\" data-end=\"1112\">Avec les prestataires de services qui nous aident \u00e0 exploiter le site (conform\u00e9ment aux accords de confidentialit\u00e9).<\/p>\n<\/li>\n<\/ul>\n<h3 data-start=\"1114\" data-end=\"1151\">5. (Cookies)<\/h3>\n<p data-start=\"1152\" data-end=\"1265\">Nous pouvons utiliser des cookies pour am\u00e9liorer votre exp\u00e9rience sur notre site. Vous pouvez contr\u00f4ler l&rsquo;utilisation des cookies via les param\u00e8tres de votre navigateur. <\/p>\n<h3 data-start=\"1267\" data-end=\"1279\">6. Vos droits<\/h3>\n<p data-start=\"1280\" data-end=\"1368\">Vous avez le droit d&rsquo;acc\u00e9der \u00e0 vos informations personnelles, de les corriger ou de les supprimer. Vous pouvez nous contacter pour en faire la demande. <\/p>\n<h3 data-start=\"1370\" data-end=\"1405\">7. Modifications de la Politique de confidentialit\u00e9<\/h3>\n<p data-start=\"1406\" data-end=\"1500\">Nous pouvons \u00eatre amen\u00e9s \u00e0 mettre \u00e0 jour cette politique de temps \u00e0 autre. Nous publierons toute modification sur cette page avec la date de mise \u00e0 jour. <\/p>\t\t\t\t\t\t\t\t<\/div>\n\t\t\t\t<\/div>\n\t\t\t\t\t<\/div>\n\t\t<\/div>\n\t\t\t\t\t<\/div>\n\t\t<\/section>\n\t\t\t\t<\/div>\n\t\t","protected":false},"excerpt":{"rendered":"<p>Politique de confidentialit\u00e9 Nous respectons votre vie priv\u00e9e et nous engageons \u00e0 la prot\u00e9ger par le biais de cette politique. [&hellip;]<\/p>\n","protected":false},"author":1,"featured_media":0,"parent":0,"menu_order":0,"comment_status":"closed","ping_status":"open","template":"","meta":{"site-sidebar-layout":"default","site-content-layout":"","ast-site-content-layout":"","site-content-style":"default","site-sidebar-style":"default","ast-global-header-display":"","ast-banner-title-visibility":"","ast-main-header-display":"","ast-hfb-above-header-display":"","ast-hfb-below-header-display":"","ast-hfb-mobile-header-display":"","site-post-title":"","ast-breadcrumbs-content":"","ast-featured-img":"","footer-sml-layout":"","theme-transparent-header-meta":"","adv-header-id-meta":"","stick-header-meta":"","header-above-stick-meta":"","header-main-stick-meta":"","header-below-stick-meta":"","astra-migrate-meta-layouts":"default","ast-page-background-enabled":"default","ast-page-background-meta":{"desktop":{"background-color":"var(--ast-global-color-5)","background-image":"","background-repeat":"repeat","background-position":"center center","background-size":"auto","background-attachment":"scroll","background-type":"","background-media":"","overlay-type":"","overlay-color":"","overlay-opacity":"","overlay-gradient":""},"tablet":{"background-color":"","background-image":"","background-repeat":"repeat","background-position":"center center","background-size":"auto","background-attachment":"scroll","background-type":"","background-media":"","overlay-type":"","overlay-color":"","overlay-opacity":"","overlay-gradient":""},"mobile":{"background-color":"","background-image":"","background-repeat":"repeat","background-position":"center center","background-size":"auto","background-attachment":"scroll","background-type":"","background-media":"","overlay-type":"","overlay-color":"","overlay-opacity":"","overlay-gradient":""}},"ast-content-background-meta":{"desktop":{"background-color":"var(--ast-global-color-4)","background-image":"","background-repeat":"repeat","background-position":"center center","background-size":"auto","background-attachment":"scroll","background-type":"","background-media":"","overlay-type":"","overlay-color":"","overlay-opacity":"","overlay-gradient":""},"tablet":{"background-color":"var(--ast-global-color-4)","background-image":"","background-repeat":"repeat","background-position":"center center","background-size":"auto","background-attachment":"scroll","background-type":"","background-media":"","overlay-type":"","overlay-color":"","overlay-opacity":"","overlay-gradient":""},"mobile":{"background-color":"var(--ast-global-color-4)","background-image":"","background-repeat":"repeat","background-position":"center center","background-size":"auto","background-attachment":"scroll","background-type":"","background-media":"","overlay-type":"","overlay-color":"","overlay-opacity":"","overlay-gradient":""}},"footnotes":""},"class_list":["post-804","page","type-page","status-publish","hentry"],"_links":{"self":[{"href":"https:\/\/alshabrawygroup.com\/fr\/wp-json\/wp\/v2\/pages\/804","targetHints":{"allow":["GET"]}}],"collection":[{"href":"https:\/\/alshabrawygroup.com\/fr\/wp-json\/wp\/v2\/pages"}],"about":[{"href":"https:\/\/alshabrawygroup.com\/fr\/wp-json\/wp\/v2\/types\/page"}],"author":[{"embeddable":true,"href":"https:\/\/alshabrawygroup.com\/fr\/wp-json\/wp\/v2\/users\/1"}],"replies":[{"embeddable":true,"href":"https:\/\/alshabrawygroup.com\/fr\/wp-json\/wp\/v2\/comments?post=804"}],"version-history":[{"count":3,"href":"https:\/\/alshabrawygroup.com\/fr\/wp-json\/wp\/v2\/pages\/804\/revisions"}],"predecessor-version":[{"id":807,"href":"https:\/\/alshabrawygroup.com\/fr\/wp-json\/wp\/v2\/pages\/804\/revisions\/807"}],"wp:attachment":[{"href":"https:\/\/alshabrawygroup.com\/fr\/wp-json\/wp\/v2\/media?parent=804"}],"curies":[{"name":"wp","href":"https:\/\/api.w.org\/{rel}","templated":true}]}}