{"id":812,"date":"2025-06-29T10:01:07","date_gmt":"2025-06-29T10:01:07","guid":{"rendered":"https:\/\/alshabrawygroup.com\/sobre-nosotros\/"},"modified":"2025-07-07T11:41:17","modified_gmt":"2025-07-07T11:41:17","slug":"sobre-nosotros","status":"publish","type":"page","link":"https:\/\/alshabrawygroup.com\/es\/sobre-nosotros\/","title":{"rendered":"Sobre nosotros"},"content":{"rendered":"\t\t<div data-elementor-type=\"wp-page\" data-elementor-id=\"812\" class=\"elementor elementor-812 elementor-271\" data-elementor-post-type=\"page\">\n\t\t\t\t\t\t<section class=\"elementor-section elementor-top-section elementor-element elementor-element-e624672 elementor-section-boxed elementor-section-height-default elementor-section-height-default\" data-id=\"e624672\" data-element_type=\"section\">\n\t\t\t\t\t\t<div class=\"elementor-container elementor-column-gap-default\">\n\t\t\t\t\t<div class=\"elementor-column elementor-col-100 elementor-top-column elementor-element elementor-element-f1b7f8d\" data-id=\"f1b7f8d\" data-element_type=\"column\">\n\t\t\t<div class=\"elementor-widget-wrap elementor-element-populated\">\n\t\t\t\t\t\t<div class=\"elementor-element elementor-element-bb366eb elementor-widget__width-initial elementor-widget elementor-widget-image\" data-id=\"bb366eb\" data-element_type=\"widget\" data-widget_type=\"image.default\">\n\t\t\t\t<div class=\"elementor-widget-container\">\n\t\t\t\t\t\t\t\t\t\t\t\t\t\t\t<img fetchpriority=\"high\" decoding=\"async\" width=\"550\" height=\"123\" src=\"https:\/\/alshabrawygroup.com\/wp-content\/uploads\/2025\/06\/\u0644\u0648\u062c\u0648-\u0627\u0644\u0634\u0628\u0631\u0627\u0627\u0648\u0649-1-1-e1751191654896.png\" class=\"attachment-large size-large wp-image-813\" alt=\"\" srcset=\"https:\/\/alshabrawygroup.com\/wp-content\/uploads\/2025\/06\/\u0644\u0648\u062c\u0648-\u0627\u0644\u0634\u0628\u0631\u0627\u0627\u0648\u0649-1-1-e1751191654896.png 550w, https:\/\/alshabrawygroup.com\/wp-content\/uploads\/2025\/06\/\u0644\u0648\u062c\u0648-\u0627\u0644\u0634\u0628\u0631\u0627\u0627\u0648\u0649-1-1-e1751191654896-300x67.png 300w\" sizes=\"(max-width: 550px) 100vw, 550px\" \/>\t\t\t\t\t\t\t\t\t\t\t\t\t\t\t<\/div>\n\t\t\t\t<\/div>\n\t\t\t\t\t<\/div>\n\t\t<\/div>\n\t\t\t\t\t<\/div>\n\t\t<\/section>\n\t\t\t\t<section class=\"elementor-section elementor-top-section elementor-element elementor-element-1173331 elementor-section-boxed elementor-section-height-default elementor-section-height-default\" data-id=\"1173331\" data-element_type=\"section\">\n\t\t\t\t\t\t<div class=\"elementor-container elementor-column-gap-default\">\n\t\t\t\t\t<div class=\"elementor-column elementor-col-100 elementor-top-column elementor-element elementor-element-7b2d92f\" data-id=\"7b2d92f\" data-element_type=\"column\">\n\t\t\t<div class=\"elementor-widget-wrap elementor-element-populated\">\n\t\t\t\t\t\t<div class=\"elementor-element elementor-element-277ba12 elementor-widget elementor-widget-heading\" data-id=\"277ba12\" data-element_type=\"widget\" data-widget_type=\"heading.default\">\n\t\t\t\t<div class=\"elementor-widget-container\">\n\t\t\t\t\t<h2 class=\"elementor-heading-title elementor-size-default\">Sobre nosotros<\/h2>\t\t\t\t<\/div>\n\t\t\t\t<\/div>\n\t\t\t\t<div class=\"elementor-element elementor-element-517f8f7 elementor-widget__width-initial elementor-widget elementor-widget-text-editor\" data-id=\"517f8f7\" data-element_type=\"widget\" data-widget_type=\"text-editor.default\">\n\t\t\t\t<div class=\"elementor-widget-container\">\n\t\t\t\t\t\t\t\t\t<p><strong>Grupo Al-Shabrawy <\/strong><\/p>\n<p><strong>Nuestro eslogan: La calidad se cosecha y la confianza se transmite al mundo<\/strong><\/p>\n<p>La calidad se cosecha y la confianza se transmite al mundo<br>Al-Shabrawy Import, Export, and General Trading Company es una empresa comercial agr\u00edcola y uno de los pilares principales en el sector de la exportaci\u00f3n de frutas y verduras frescas, tanto a nivel local como internacional.<\/p>\n<p>Fundada en 1990, se centr\u00f3 en la agricultura y el suministro local, y en 2020 se expandi\u00f3 a la exportaci\u00f3n internacional. Su objetivo es conectar a los agricultores locales con los mercados globales y ofrecer productos agr\u00edcolas de alta calidad que cumplan con los est\u00e1ndares internacionales de salud y seguridad.<\/p>\n<p>Nos enorgullece ser un puente entre la f\u00e9rtil tierra de Egipto, la Gobernaci\u00f3n de Dakahlia, y el mundo, garantizando que las verduras frescas lleguen a los importadores con los mejores precios, sabores y valores. Alimentos<\/p>\n<p>A principios de &nbsp;la empresa comenz\u00f3 a exportar productos agr\u00edcolas a todos los pa\u00edses \u00e1rabes, especialmente a los pa\u00edses del Golfo, y posteriormente a Europa.<\/p>\n<p><strong>Por qu\u00e9 somos los mejores<\/strong><\/p>\n<p><strong>1- Calidad inigualable<\/strong><\/p>\n<p>Seleccionamos cuidadosamente vegetales certificados. Aplicamos las t\u00e9cnicas de cultivo sostenible m\u00e1s modernas, cumpliendo con los est\u00e1ndares internacionales de calidad.<\/p>\n<p>2- Tipo de producto<\/p>\n<p>Ofrecemos una amplia variedad de vegetales, especialmente cebollas rojas, amarillas y blancas.  <\/p>\n<p><strong>3- Empaque avanzado<\/strong><\/p>\n<p>Utilizamos t\u00e9cnicas avanzadas de refrigeraci\u00f3n y empaque para conservar los productos frescos durante el transporte.<\/p>\n<p><strong>4- Red log\u00edstica global<\/strong><\/p>\n<p>Contratamos con las principales compa\u00f1\u00edas de transporte para entregar los env\u00edos a tiempo a pa\u00edses de todo el mundo.<\/p>\n<p><strong>&nbsp;<\/strong><\/p>\n<p>Ser el l\u00edder mundial en la exportaci\u00f3n de vegetales y frutas frescas y contribuir a la mejora de la seguridad alimentaria mundial mediante m\u00e9todos sostenibles y respetuosos con el medio ambiente.<\/p>\n<p><strong>6- Nuestros socios<\/strong><\/p>\n<p>Trabajamos estrechamente con agricultores locales para desarrollar sus habilidades y garantizar una cosecha excepcional. Tambi\u00e9n cooperamos con agencias gubernamentales e internacionales para promover el sector agr\u00edcola y la exportaci\u00f3n a pa\u00edses de todo el mundo.<\/p>\n<p>Correo electr\u00f3nico: Sales@alshabrawygroup.com <\/p>\n<p>Tel\u00e9fono<\/p>\n<p>Pa\u00eds: Egipto <\/p>\n<p>En Al Shabrawy Group, <span style=\"font-style: inherit; font-weight: inherit; background-color: var(--ast-global-color-5);\">creemos que cada verdura lleva consigo una historia de tierra y gente. Acomp\u00e1\u00f1enos en un viaje de \u00e9xito donde cultivamos confianza y cosechamos satisfacci\u00f3n global.<\/span><\/p>\n<p>Y exportamos \u00e9xito.<\/p>\t\t\t\t\t\t\t\t<\/div>\n\t\t\t\t<\/div>\n\t\t\t\t\t<\/div>\n\t\t<\/div>\n\t\t\t\t\t<\/div>\n\t\t<\/section>\n\t\t\t\t<\/div>\n\t\t","protected":false},"excerpt":{"rendered":"<p>Sobre nosotros Grupo Al-Shabrawy Nuestro eslogan: La calidad se cosecha y la confianza se transmite al mundo La calidad se [&hellip;]<\/p>\n","protected":false},"author":1,"featured_media":0,"parent":0,"menu_order":0,"comment_status":"closed","ping_status":"closed","template":"","meta":{"site-sidebar-layout":"no-sidebar","site-content-layout":"","ast-site-content-layout":"full-width-container","site-content-style":"default","site-sidebar-style":"default","ast-global-header-display":"","ast-banner-title-visibility":"","ast-main-header-display":"","ast-hfb-above-header-display":"","ast-hfb-below-header-display":"","ast-hfb-mobile-header-display":"","site-post-title":"disabled","ast-breadcrumbs-content":"","ast-featured-img":"disabled","footer-sml-layout":"","theme-transparent-header-meta":"","adv-header-id-meta":"","stick-header-meta":"","header-above-stick-meta":"","header-main-stick-meta":"","header-below-stick-meta":"","astra-migrate-meta-layouts":"default","ast-page-background-enabled":"default","ast-page-background-meta":{"desktop":{"background-color":"var(--ast-global-color-5)","background-image":"","background-repeat":"repeat","background-position":"center center","background-size":"auto","background-attachment":"scroll","background-type":"","background-media":"","overlay-type":"","overlay-color":"","overlay-opacity":"","overlay-gradient":""},"tablet":{"background-color":"","background-image":"","background-repeat":"repeat","background-position":"center center","background-size":"auto","background-attachment":"scroll","background-type":"","background-media":"","overlay-type":"","overlay-color":"","overlay-opacity":"","overlay-gradient":""},"mobile":{"background-color":"","background-image":"","background-repeat":"repeat","background-position":"center center","background-size":"auto","background-attachment":"scroll","background-type":"","background-media":"","overlay-type":"","overlay-color":"","overlay-opacity":"","overlay-gradient":""}},"ast-content-background-meta":{"desktop":{"background-color":"var(--ast-global-color-4)","background-image":"","background-repeat":"repeat","background-position":"center center","background-size":"auto","background-attachment":"scroll","background-type":"","background-media":"","overlay-type":"","overlay-color":"","overlay-opacity":"","overlay-gradient":""},"tablet":{"background-color":"var(--ast-global-color-4)","background-image":"","background-repeat":"repeat","background-position":"center center","background-size":"auto","background-attachment":"scroll","background-type":"","background-media":"","overlay-type":"","overlay-color":"","overlay-opacity":"","overlay-gradient":""},"mobile":{"background-color":"var(--ast-global-color-4)","background-image":"","background-repeat":"repeat","background-position":"center center","background-size":"auto","background-attachment":"scroll","background-type":"","background-media":"","overlay-type":"","overlay-color":"","overlay-opacity":"","overlay-gradient":""}},"footnotes":""},"class_list":["post-812","page","type-page","status-publish","hentry"],"_links":{"self":[{"href":"https:\/\/alshabrawygroup.com\/es\/wp-json\/wp\/v2\/pages\/812","targetHints":{"allow":["GET"]}}],"collection":[{"href":"https:\/\/alshabrawygroup.com\/es\/wp-json\/wp\/v2\/pages"}],"about":[{"href":"https:\/\/alshabrawygroup.com\/es\/wp-json\/wp\/v2\/types\/page"}],"author":[{"embeddable":true,"href":"https:\/\/alshabrawygroup.com\/es\/wp-json\/wp\/v2\/users\/1"}],"replies":[{"embeddable":true,"href":"https:\/\/alshabrawygroup.com\/es\/wp-json\/wp\/v2\/comments?post=812"}],"version-history":[{"count":3,"href":"https:\/\/alshabrawygroup.com\/es\/wp-json\/wp\/v2\/pages\/812\/revisions"}],"predecessor-version":[{"id":821,"href":"https:\/\/alshabrawygroup.com\/es\/wp-json\/wp\/v2\/pages\/812\/revisions\/821"}],"wp:attachment":[{"href":"https:\/\/alshabrawygroup.com\/es\/wp-json\/wp\/v2\/media?parent=812"}],"curies":[{"name":"wp","href":"https:\/\/api.w.org\/{rel}","templated":true}]}}