{"id":800,"date":"2025-06-02T13:43:08","date_gmt":"2025-06-02T13:43:08","guid":{"rendered":"https:\/\/alshabrawygroup.com\/politica-de-privacidad\/"},"modified":"2025-07-07T08:59:52","modified_gmt":"2025-07-07T08:59:52","slug":"politica-de-privacidad","status":"publish","type":"page","link":"https:\/\/alshabrawygroup.com\/es\/politica-de-privacidad\/","title":{"rendered":"Pol\u00edtica de Privacidad"},"content":{"rendered":"\t\t<div data-elementor-type=\"wp-page\" data-elementor-id=\"800\" class=\"elementor elementor-800 elementor-3\" data-elementor-post-type=\"page\">\n\t\t\t\t\t\t<section class=\"elementor-section elementor-top-section elementor-element elementor-element-4bf12c46 elementor-section-boxed elementor-section-height-default elementor-section-height-default\" data-id=\"4bf12c46\" data-element_type=\"section\">\n\t\t\t\t\t\t<div class=\"elementor-container elementor-column-gap-default\">\n\t\t\t\t\t<div class=\"elementor-column elementor-col-100 elementor-top-column elementor-element elementor-element-33d5f1d0\" data-id=\"33d5f1d0\" data-element_type=\"column\">\n\t\t\t<div class=\"elementor-widget-wrap elementor-element-populated\">\n\t\t\t\t\t\t<div class=\"elementor-element elementor-element-16fd909a elementor-widget elementor-widget-text-editor\" data-id=\"16fd909a\" data-element_type=\"widget\" data-widget_type=\"text-editor.default\">\n\t\t\t\t<div class=\"elementor-widget-container\">\n\t\t\t\t\t\t\t\t\t\n<h2 data-start=\"218\" data-end=\"235\">Pol\u00edtica de Privacidad<\/h2>\n<p data-start=\"237\" data-end=\"293\">Respetamos su privacidad y nos comprometemos a protegerla mediante esta pol\u00edtica.<\/p>\n<h3 data-start=\"295\" data-end=\"323\">1. Informaci\u00f3n que Recopilamos<\/h3>\n<p data-start=\"324\" data-end=\"369\">Podemos recopilar diversos tipos de informaci\u00f3n, incluyendo: <\/p>\n<ul data-start=\"370\" data-end=\"573\">\n<li data-start=\"370\" data-end=\"477\">\n<p data-start=\"372\" data-end=\"477\">Informaci\u00f3n personal: como nombre, correo electr\u00f3nico, n\u00famero de tel\u00e9fono y otra informaci\u00f3n que usted proporcione voluntariamente.    <\/p>\n<\/li>\n<li data-start=\"478\" data-end=\"573\">\n<p data-start=\"480\" data-end=\"573\">Informaci\u00f3n no personal: como tipo de navegador, direcci\u00f3n IP, las p\u00e1ginas que visita en nuestro sitio y la duraci\u00f3n de su visita.    <\/p>\n<\/li>\n<\/ul>\n<h3 data-start=\"575\" data-end=\"602\">2. C\u00f3mo Usamos la Informaci\u00f3n<\/h3>\n<p data-start=\"603\" data-end=\"644\">Utilizamos la informaci\u00f3n que recopilamos para, entre otros, los siguientes fines:<\/p>\n<ul data-start=\"645\" data-end=\"763\">\n<li data-start=\"645\" data-end=\"668\">\n<p data-start=\"647\" data-end=\"668\">Mejorar su experiencia de usuario.<\/p>\n<\/li>\n<li data-start=\"669\" data-end=\"695\">\n<p data-start=\"671\" data-end=\"695\">Para ofrecerle mejores servicios.<\/p>\n<\/li>\n<li data-start=\"696\" data-end=\"731\">\n<p data-start=\"698\" data-end=\"731\">Para contactarle sobre actualizaciones u ofertas.<\/p>\n<\/li>\n<li data-start=\"732\" data-end=\"763\">\n<p data-start=\"734\" data-end=\"763\">Para cumplir con los requisitos legales.<\/p>\n<\/li>\n<\/ul>\n<h3 data-start=\"765\" data-end=\"787\">3. Protecci\u00f3n de la Informaci\u00f3n<\/h3>\n<p data-start=\"788\" data-end=\"878\">Implementamos medidas de seguridad t\u00e9cnicas y organizativas para proteger su informaci\u00f3n del acceso o uso no autorizado. Texto<\/p>\n<h3 data-start=\"880\" data-end=\"903\">4. Intercambio de informaci\u00f3n<\/h3>\n<p data-start=\"904\" data-end=\"985\">No vendemos, alquilamos ni compartimos su informaci\u00f3n personal con terceros, excepto en las siguientes circunstancias:<\/p>\n<ul data-start=\"986\" data-end=\"1112\">\n<li data-start=\"986\" data-end=\"1005\">\n<p data-start=\"988\" data-end=\"1005\">Con su consentimiento expl\u00edcito.<\/p>\n<\/li>\n<li data-start=\"1006\" data-end=\"1029\">\n<p data-start=\"1008\" data-end=\"1029\">Si lo exige la ley.<\/p>\n<\/li>\n<li data-start=\"1030\" data-end=\"1112\">\n<p data-start=\"1032\" data-end=\"1112\">Con proveedores de servicios que nos ayudan a operar el sitio (seg\u00fan acuerdos de privacidad).<\/p>\n<\/li>\n<\/ul>\n<h3 data-start=\"1114\" data-end=\"1151\">5. Cookies<\/h3>\n<p data-start=\"1152\" data-end=\"1265\">Podemos utilizar cookies para mejorar su experiencia en nuestro sitio. Puede controlar el uso de cookies a trav\u00e9s de la configuraci\u00f3n de su navegador. <\/p>\n<h3 data-start=\"1267\" data-end=\"1279\">6. Sus derechos<\/h3>\n<p data-start=\"1280\" data-end=\"1368\">Tiene derecho a acceder, corregir o eliminar su informaci\u00f3n personal. Puede contactarnos para solicitarlo. <\/p>\n<h3 data-start=\"1370\" data-end=\"1405\">7. Cambios en la Pol\u00edtica de Privacidad<\/h3>\n<p data-start=\"1406\" data-end=\"1500\">Podemos actualizar esta pol\u00edtica peri\u00f3dicamente. Publicaremos cualquier cambio en esta p\u00e1gina, incluyendo la fecha de actualizaci\u00f3n. <\/p>\t\t\t\t\t\t\t\t<\/div>\n\t\t\t\t<\/div>\n\t\t\t\t\t<\/div>\n\t\t<\/div>\n\t\t\t\t\t<\/div>\n\t\t<\/section>\n\t\t\t\t<\/div>\n\t\t","protected":false},"excerpt":{"rendered":"<p>Pol\u00edtica de Privacidad Respetamos su privacidad y nos comprometemos a protegerla mediante esta pol\u00edtica. 1. Informaci\u00f3n que Recopilamos Podemos recopilar [&hellip;]<\/p>\n","protected":false},"author":1,"featured_media":0,"parent":0,"menu_order":0,"comment_status":"closed","ping_status":"open","template":"","meta":{"site-sidebar-layout":"default","site-content-layout":"","ast-site-content-layout":"","site-content-style":"default","site-sidebar-style":"default","ast-global-header-display":"","ast-banner-title-visibility":"","ast-main-header-display":"","ast-hfb-above-header-display":"","ast-hfb-below-header-display":"","ast-hfb-mobile-header-display":"","site-post-title":"","ast-breadcrumbs-content":"","ast-featured-img":"","footer-sml-layout":"","theme-transparent-header-meta":"","adv-header-id-meta":"","stick-header-meta":"","header-above-stick-meta":"","header-main-stick-meta":"","header-below-stick-meta":"","astra-migrate-meta-layouts":"default","ast-page-background-enabled":"default","ast-page-background-meta":{"desktop":{"background-color":"var(--ast-global-color-5)","background-image":"","background-repeat":"repeat","background-position":"center center","background-size":"auto","background-attachment":"scroll","background-type":"","background-media":"","overlay-type":"","overlay-color":"","overlay-opacity":"","overlay-gradient":""},"tablet":{"background-color":"","background-image":"","background-repeat":"repeat","background-position":"center center","background-size":"auto","background-attachment":"scroll","background-type":"","background-media":"","overlay-type":"","overlay-color":"","overlay-opacity":"","overlay-gradient":""},"mobile":{"background-color":"","background-image":"","background-repeat":"repeat","background-position":"center center","background-size":"auto","background-attachment":"scroll","background-type":"","background-media":"","overlay-type":"","overlay-color":"","overlay-opacity":"","overlay-gradient":""}},"ast-content-background-meta":{"desktop":{"background-color":"var(--ast-global-color-4)","background-image":"","background-repeat":"repeat","background-position":"center center","background-size":"auto","background-attachment":"scroll","background-type":"","background-media":"","overlay-type":"","overlay-color":"","overlay-opacity":"","overlay-gradient":""},"tablet":{"background-color":"var(--ast-global-color-4)","background-image":"","background-repeat":"repeat","background-position":"center center","background-size":"auto","background-attachment":"scroll","background-type":"","background-media":"","overlay-type":"","overlay-color":"","overlay-opacity":"","overlay-gradient":""},"mobile":{"background-color":"var(--ast-global-color-4)","background-image":"","background-repeat":"repeat","background-position":"center center","background-size":"auto","background-attachment":"scroll","background-type":"","background-media":"","overlay-type":"","overlay-color":"","overlay-opacity":"","overlay-gradient":""}},"footnotes":""},"class_list":["post-800","page","type-page","status-publish","hentry"],"_links":{"self":[{"href":"https:\/\/alshabrawygroup.com\/es\/wp-json\/wp\/v2\/pages\/800","targetHints":{"allow":["GET"]}}],"collection":[{"href":"https:\/\/alshabrawygroup.com\/es\/wp-json\/wp\/v2\/pages"}],"about":[{"href":"https:\/\/alshabrawygroup.com\/es\/wp-json\/wp\/v2\/types\/page"}],"author":[{"embeddable":true,"href":"https:\/\/alshabrawygroup.com\/es\/wp-json\/wp\/v2\/users\/1"}],"replies":[{"embeddable":true,"href":"https:\/\/alshabrawygroup.com\/es\/wp-json\/wp\/v2\/comments?post=800"}],"version-history":[{"count":3,"href":"https:\/\/alshabrawygroup.com\/es\/wp-json\/wp\/v2\/pages\/800\/revisions"}],"predecessor-version":[{"id":803,"href":"https:\/\/alshabrawygroup.com\/es\/wp-json\/wp\/v2\/pages\/800\/revisions\/803"}],"wp:attachment":[{"href":"https:\/\/alshabrawygroup.com\/es\/wp-json\/wp\/v2\/media?parent=800"}],"curies":[{"name":"wp","href":"https:\/\/api.w.org\/{rel}","templated":true}]}}