{"id":645,"date":"2025-06-29T10:01:07","date_gmt":"2025-06-29T10:01:07","guid":{"rendered":"https:\/\/alshabrawygroup.com\/wer-sind-wir\/"},"modified":"2025-07-06T10:43:47","modified_gmt":"2025-07-06T10:43:47","slug":"wer-sind-wir","status":"publish","type":"page","link":"https:\/\/alshabrawygroup.com\/de\/wer-sind-wir\/","title":{"rendered":"Wer sind wir?"},"content":{"rendered":"\t\t<div data-elementor-type=\"wp-page\" data-elementor-id=\"645\" class=\"elementor elementor-645 elementor-271\" data-elementor-post-type=\"page\">\n\t\t\t\t\t\t<section class=\"elementor-section elementor-top-section elementor-element elementor-element-e624672 elementor-section-boxed elementor-section-height-default elementor-section-height-default\" data-id=\"e624672\" data-element_type=\"section\">\n\t\t\t\t\t\t<div class=\"elementor-container elementor-column-gap-default\">\n\t\t\t\t\t<div class=\"elementor-column elementor-col-100 elementor-top-column elementor-element elementor-element-f1b7f8d\" data-id=\"f1b7f8d\" data-element_type=\"column\">\n\t\t\t<div class=\"elementor-widget-wrap elementor-element-populated\">\n\t\t\t\t\t\t<div class=\"elementor-element elementor-element-bb366eb elementor-widget__width-initial elementor-widget elementor-widget-image\" data-id=\"bb366eb\" data-element_type=\"widget\" data-widget_type=\"image.default\">\n\t\t\t\t<div class=\"elementor-widget-container\">\n\t\t\t\t\t\t\t\t\t\t\t\t\t\t\t<img fetchpriority=\"high\" decoding=\"async\" width=\"550\" height=\"123\" src=\"https:\/\/alshabrawygroup.com\/wp-content\/uploads\/2025\/06\/\u0644\u0648\u062c\u0648-\u0627\u0644\u0634\u0628\u0631\u0627\u0627\u0648\u0649-1-1-e1751191654896.png\" class=\"attachment-large size-large wp-image-646\" alt=\"\" srcset=\"https:\/\/alshabrawygroup.com\/wp-content\/uploads\/2025\/06\/\u0644\u0648\u062c\u0648-\u0627\u0644\u0634\u0628\u0631\u0627\u0627\u0648\u0649-1-1-e1751191654896.png 550w, https:\/\/alshabrawygroup.com\/wp-content\/uploads\/2025\/06\/\u0644\u0648\u062c\u0648-\u0627\u0644\u0634\u0628\u0631\u0627\u0627\u0648\u0649-1-1-e1751191654896-300x67.png 300w\" sizes=\"(max-width: 550px) 100vw, 550px\" \/>\t\t\t\t\t\t\t\t\t\t\t\t\t\t\t<\/div>\n\t\t\t\t<\/div>\n\t\t\t\t\t<\/div>\n\t\t<\/div>\n\t\t\t\t\t<\/div>\n\t\t<\/section>\n\t\t\t\t<section class=\"elementor-section elementor-top-section elementor-element elementor-element-1173331 elementor-section-boxed elementor-section-height-default elementor-section-height-default\" data-id=\"1173331\" data-element_type=\"section\">\n\t\t\t\t\t\t<div class=\"elementor-container elementor-column-gap-default\">\n\t\t\t\t\t<div class=\"elementor-column elementor-col-100 elementor-top-column elementor-element elementor-element-7b2d92f\" data-id=\"7b2d92f\" data-element_type=\"column\">\n\t\t\t<div class=\"elementor-widget-wrap elementor-element-populated\">\n\t\t\t\t\t\t<div class=\"elementor-element elementor-element-277ba12 elementor-widget elementor-widget-heading\" data-id=\"277ba12\" data-element_type=\"widget\" data-widget_type=\"heading.default\">\n\t\t\t\t<div class=\"elementor-widget-container\">\n\t\t\t\t\t<h2 class=\"elementor-heading-title elementor-size-default\">Wer sind wir?<\/h2>\t\t\t\t<\/div>\n\t\t\t\t<\/div>\n\t\t\t\t<div class=\"elementor-element elementor-element-517f8f7 elementor-widget__width-initial elementor-widget elementor-widget-text-editor\" data-id=\"517f8f7\" data-element_type=\"widget\" data-widget_type=\"text-editor.default\">\n\t\t\t\t<div class=\"elementor-widget-container\">\n\t\t\t\t\t\t\t\t\t<p><strong>Al-Shabrawy Group <\/strong><\/p>\n<p><strong>Unser Motto: Qualit\u00e4t wird geerntet, Vertrauen in die Welt getragen.<\/strong><\/p>\n<p>Die Al-Shabrawy Import-, Export- und Handelsgesellschaft ist ein Agrarunternehmen und ein wichtiger Akteur im Export von frischem Obst und Gem\u00fcse im In- und Ausland.<br>Qualit\u00e4t wird geerntet und weltweit Vertrauen geschenkt.<\/p>\n<p>Das 1990 gegr\u00fcndete Unternehmen konzentriert sich auf die lokale Landwirtschaft und Versorgung und wird sich ab 2020 auf den internationalen Export konzentrieren. Ziel ist es, lokale Landwirte mit globalen M\u00e4rkten zu verbinden und hochwertige landwirtschaftliche Produkte bereitzustellen, die den internationalen Gesundheits- und Sicherheitsstandards entsprechen.<\/p>\n<p>Wir sind stolz darauf, eine Br\u00fccke zwischen dem fruchtbaren Land \u00c4gypten, dem Gouvernement Dakahlia, der Stadt El Kurdi und der Welt zu sein und sicherzustellen, dass frisches Gem\u00fcse die Importeure zu den besten Preisen, mit dem besten Geschmack und den besten N\u00e4hrwerten erreicht.<\/p>\n<p>Anfang 2020 exportierte das Unternehmen landwirtschaftliche Produkte in alle arabischen L\u00e4nder, insbesondere in die Golfstaaten, und exportierte anschlie\u00dfend nach Europa.<\/p>\n<p><strong>Warum wir die Besten sind<\/strong><\/p>\n<p><strong>1 \u2013 Un\u00fcbertroffene Qualit\u00e4t<\/strong><\/p>\n<p>Wir w\u00e4hlen zertifiziertes Gem\u00fcse sorgf\u00e4ltig aus und wenden modernste nachhaltige Anbaumethoden an. Dabei halten wir uns an internationale Qualit\u00e4tsstandards.<\/p>\n<p>2 \u2013 Produkttyp<\/p>\n<p>Wir bieten eine gro\u00dfe Auswahl an Gem\u00fcse, insbesondere rote Zwiebeln. Gelb Wei\u00df<\/p>\n<p><strong>3 \u2013 Fortschrittliche Verpackung<\/strong><\/p>\n<p><br>Wir nutzen fortschrittliche K\u00fchl- und Verpackungstechnologien, um die Frische unserer Produkte w\u00e4hrend des Transports zu erhalten.<\/p>\n<p><strong>4 \u2013 Ein globales Logistiknetzwerk<br><br><\/strong><\/p>\n<p>Wir arbeiten mit f\u00fchrenden Speditionen zusammen, um unsere Sendungen weltweit p\u00fcnktlich auszuliefern.<\/p>\n<p><strong>5 \u2013 Unsere Vision<\/strong><\/p>\n<p>Wir wollen weltweit f\u00fchrend im Export von frischem Obst und Gem\u00fcse sein und durch nachhaltige und umweltfreundliche Praktiken zur Verbesserung der globalen Ern\u00e4hrungssicherheit beitragen.<\/p>\n<p><strong>6 \u2013 Unsere Partner<\/strong><\/p>\n<p>Wir arbeiten eng mit lokalen Landwirten zusammen, um ihre F\u00e4higkeiten zu f\u00f6rdern und eine hervorragende Ernte zu gew\u00e4hrleisten. Dar\u00fcber hinaus kooperieren wir mit staatlichen und internationalen Organisationen, um den Agrarsektor zu f\u00f6rdern und weltweit zu exportieren.<\/p>\n<p>E-Mail: Sales@alshabrawygroup.com<\/p>\n<p>Telefon<\/p>\n<p>Land: \u00c4gypten<\/p>\n<p>Wir bei der El-Shabrawy Group glauben,<span style=\"font-style: inherit; font-weight: inherit; background-color: var(--ast-global-color-5);\"> dass jedes Gem\u00fcse die Geschichte eines Landes und eines Volkes in sich tr\u00e4gt. Begleiten Sie uns auf einem Erfolgsweg, auf dem wir Vertrauen schaffen und weltweite Zufriedenheit ernten.<\/span><\/p>\n<p>Wir exportieren Erfolg<\/p>\t\t\t\t\t\t\t\t<\/div>\n\t\t\t\t<\/div>\n\t\t\t\t\t<\/div>\n\t\t<\/div>\n\t\t\t\t\t<\/div>\n\t\t<\/section>\n\t\t\t\t<\/div>\n\t\t","protected":false},"excerpt":{"rendered":"<p>Wer sind wir? Al-Shabrawy Group Unser Motto: Qualit\u00e4t wird geerntet, Vertrauen in die Welt getragen. Die Al-Shabrawy Import-, Export- und [&hellip;]<\/p>\n","protected":false},"author":1,"featured_media":0,"parent":0,"menu_order":0,"comment_status":"closed","ping_status":"closed","template":"","meta":{"site-sidebar-layout":"no-sidebar","site-content-layout":"","ast-site-content-layout":"full-width-container","site-content-style":"default","site-sidebar-style":"default","ast-global-header-display":"","ast-banner-title-visibility":"","ast-main-header-display":"","ast-hfb-above-header-display":"","ast-hfb-below-header-display":"","ast-hfb-mobile-header-display":"","site-post-title":"disabled","ast-breadcrumbs-content":"","ast-featured-img":"disabled","footer-sml-layout":"","theme-transparent-header-meta":"","adv-header-id-meta":"","stick-header-meta":"","header-above-stick-meta":"","header-main-stick-meta":"","header-below-stick-meta":"","astra-migrate-meta-layouts":"default","ast-page-background-enabled":"default","ast-page-background-meta":{"desktop":{"background-color":"var(--ast-global-color-5)","background-image":"","background-repeat":"repeat","background-position":"center center","background-size":"auto","background-attachment":"scroll","background-type":"","background-media":"","overlay-type":"","overlay-color":"","overlay-opacity":"","overlay-gradient":""},"tablet":{"background-color":"","background-image":"","background-repeat":"repeat","background-position":"center center","background-size":"auto","background-attachment":"scroll","background-type":"","background-media":"","overlay-type":"","overlay-color":"","overlay-opacity":"","overlay-gradient":""},"mobile":{"background-color":"","background-image":"","background-repeat":"repeat","background-position":"center center","background-size":"auto","background-attachment":"scroll","background-type":"","background-media":"","overlay-type":"","overlay-color":"","overlay-opacity":"","overlay-gradient":""}},"ast-content-background-meta":{"desktop":{"background-color":"var(--ast-global-color-4)","background-image":"","background-repeat":"repeat","background-position":"center center","background-size":"auto","background-attachment":"scroll","background-type":"","background-media":"","overlay-type":"","overlay-color":"","overlay-opacity":"","overlay-gradient":""},"tablet":{"background-color":"var(--ast-global-color-4)","background-image":"","background-repeat":"repeat","background-position":"center center","background-size":"auto","background-attachment":"scroll","background-type":"","background-media":"","overlay-type":"","overlay-color":"","overlay-opacity":"","overlay-gradient":""},"mobile":{"background-color":"var(--ast-global-color-4)","background-image":"","background-repeat":"repeat","background-position":"center center","background-size":"auto","background-attachment":"scroll","background-type":"","background-media":"","overlay-type":"","overlay-color":"","overlay-opacity":"","overlay-gradient":""}},"footnotes":""},"class_list":["post-645","page","type-page","status-publish","hentry"],"_links":{"self":[{"href":"https:\/\/alshabrawygroup.com\/de\/wp-json\/wp\/v2\/pages\/645","targetHints":{"allow":["GET"]}}],"collection":[{"href":"https:\/\/alshabrawygroup.com\/de\/wp-json\/wp\/v2\/pages"}],"about":[{"href":"https:\/\/alshabrawygroup.com\/de\/wp-json\/wp\/v2\/types\/page"}],"author":[{"embeddable":true,"href":"https:\/\/alshabrawygroup.com\/de\/wp-json\/wp\/v2\/users\/1"}],"replies":[{"embeddable":true,"href":"https:\/\/alshabrawygroup.com\/de\/wp-json\/wp\/v2\/comments?post=645"}],"version-history":[{"count":1,"href":"https:\/\/alshabrawygroup.com\/de\/wp-json\/wp\/v2\/pages\/645\/revisions"}],"predecessor-version":[{"id":647,"href":"https:\/\/alshabrawygroup.com\/de\/wp-json\/wp\/v2\/pages\/645\/revisions\/647"}],"wp:attachment":[{"href":"https:\/\/alshabrawygroup.com\/de\/wp-json\/wp\/v2\/media?parent=645"}],"curies":[{"name":"wp","href":"https:\/\/api.w.org\/{rel}","templated":true}]}}