{"id":636,"date":"2025-06-02T13:43:08","date_gmt":"2025-06-02T13:43:08","guid":{"rendered":"https:\/\/alshabrawygroup.com\/datenschutzrichtlinie\/"},"modified":"2025-07-06T10:14:08","modified_gmt":"2025-07-06T10:14:08","slug":"datenschutzrichtlinie","status":"publish","type":"page","link":"https:\/\/alshabrawygroup.com\/de\/datenschutzrichtlinie\/","title":{"rendered":"Datenschutzrichtlinie"},"content":{"rendered":"\t\t<div data-elementor-type=\"wp-page\" data-elementor-id=\"636\" class=\"elementor elementor-636 elementor-3\" data-elementor-post-type=\"page\">\n\t\t\t\t\t\t<section class=\"elementor-section elementor-top-section elementor-element elementor-element-4bf12c46 elementor-section-boxed elementor-section-height-default elementor-section-height-default\" data-id=\"4bf12c46\" data-element_type=\"section\">\n\t\t\t\t\t\t<div class=\"elementor-container elementor-column-gap-default\">\n\t\t\t\t\t<div class=\"elementor-column elementor-col-100 elementor-top-column elementor-element elementor-element-33d5f1d0\" data-id=\"33d5f1d0\" data-element_type=\"column\">\n\t\t\t<div class=\"elementor-widget-wrap elementor-element-populated\">\n\t\t\t\t\t\t<div class=\"elementor-element elementor-element-16fd909a elementor-widget elementor-widget-text-editor\" data-id=\"16fd909a\" data-element_type=\"widget\" data-widget_type=\"text-editor.default\">\n\t\t\t\t<div class=\"elementor-widget-container\">\n\t\t\t\t\t\t\t\t\t\n<h2 data-start=\"218\" data-end=\"235\">Datenschutzrichtlinie<\/h2>\n<p data-start=\"237\" data-end=\"293\">Wir respektieren Ihre Privatsph\u00e4re und verpflichten uns, diese durch diese Richtlinie zu sch\u00fctzen.<\/p>\n<h3 data-start=\"295\" data-end=\"323\">1. Von uns erfasste Informationen<\/h3>\n<p data-start=\"324\" data-end=\"369\">Wir k\u00f6nnen verschiedene Arten von Informationen erfassen, darunter: <\/p>\n<ul data-start=\"370\" data-end=\"573\">\n<li data-start=\"370\" data-end=\"477\">\n<p data-start=\"372\" data-end=\"477\">Personenbezogene Daten: wie Name, E-Mail-Adresse, Telefonnummer und andere Informationen, die Sie freiwillig angeben.    <\/p>\n<\/li>\n<li data-start=\"478\" data-end=\"573\">\n<p data-start=\"480\" data-end=\"573\">Nicht personenbezogene Daten: wie z. B. Ihren Browsertyp, Ihre IP-Adresse, die von Ihnen besuchten Seiten und die Dauer Ihres Besuchs.    <\/p>\n<\/li>\n<\/ul>\n<h3 data-start=\"575\" data-end=\"602\">2. Wie wir Daten verwenden<\/h3>\n<p data-start=\"603\" data-end=\"644\">Wir verwenden die erhobenen Daten unter anderem f\u00fcr folgende Zwecke:<\/p>\n<ul data-start=\"645\" data-end=\"763\">\n<li data-start=\"645\" data-end=\"668\">\n<p data-start=\"647\" data-end=\"668\">Um Ihr Nutzererlebnis zu verbessern.<\/p>\n<\/li>\n<li data-start=\"669\" data-end=\"695\">\n<p data-start=\"671\" data-end=\"695\">Um unsere Dienstleistungen zu verbessern.<\/p>\n<\/li>\n<li data-start=\"696\" data-end=\"731\">\n<p data-start=\"698\" data-end=\"731\">Um Sie \u00fcber Updates oder Angebote zu informieren.<\/p>\n<\/li>\n<li data-start=\"732\" data-end=\"763\">\n<p data-start=\"734\" data-end=\"763\">Einhaltung gesetzlicher Anforderungen.<\/p>\n<\/li>\n<\/ul>\n<h3 data-start=\"765\" data-end=\"787\">3. Datenschutz<\/h3>\n<p data-start=\"788\" data-end=\"878\">Wir setzen technische und organisatorische Sicherheitsma\u00dfnahmen ein, um Ihre Daten vor unbefugtem Zugriff oder unbefugter Nutzung zu sch\u00fctzen.<\/p>\n<h3 data-start=\"880\" data-end=\"903\"><br>4. Weitergabe von Informationen<\/h3>\n<p data-start=\"904\" data-end=\"985\">Wir verkaufen, vermieten oder geben Ihre personenbezogenen Daten nicht an Dritte weiter, au\u00dfer in den folgenden F\u00e4llen:<\/p>\n<ul data-start=\"986\" data-end=\"1112\">\n<li data-start=\"986\" data-end=\"1005\">\n<p data-start=\"988\" data-end=\"1005\">Mit Ihrer ausdr\u00fccklichen Einwilligung.<\/p>\n<\/li>\n<li data-start=\"1006\" data-end=\"1029\">\n<p data-start=\"1008\" data-end=\"1029\">Sofern gesetzlich vorgeschrieben.<\/p>\n<\/li>\n<li data-start=\"1030\" data-end=\"1112\">\n<p data-start=\"1032\" data-end=\"1112\">Wir verwenden Cookies, um Ihr Erlebnis auf unserer Website zu verbessern. Sie k\u00f6nnen die Verwendung von Cookies in Ihren Browsereinstellungen steuern.<\/p>\n<\/li>\n<\/ul>\n<h3 data-start=\"1114\" data-end=\"1151\">5. Cookies<\/h3>\n<p data-start=\"1152\" data-end=\"1265\">Wir verwenden Cookies, um Ihr Erlebnis auf unserer Website zu verbessern. Sie k\u00f6nnen die Verwendung von Cookies in Ihren Browsereinstellungen steuern. <\/p>\n<h3 data-start=\"1267\" data-end=\"1279\">6. Ihre Rechte<\/h3>\n<p data-start=\"1280\" data-end=\"1368\">Sie haben das Recht auf Auskunft, Berichtigung oder L\u00f6schung Ihrer personenbezogenen Daten. Kontaktieren Sie uns hierzu bitte. <\/p>\n<h3 data-start=\"1370\" data-end=\"1405\">7. \u00c4nderungen der Datenschutzrichtlinie<\/h3>\n<p data-start=\"1406\" data-end=\"1500\">Wir behalten uns das Recht vor, diese Richtlinie von Zeit zu Zeit zu aktualisieren. \u00c4nderungen werden auf dieser Seite ver\u00f6ffentlicht, einschlie\u00dflich des Aktualisierungsdatums. <\/p>\t\t\t\t\t\t\t\t<\/div>\n\t\t\t\t<\/div>\n\t\t\t\t\t<\/div>\n\t\t<\/div>\n\t\t\t\t\t<\/div>\n\t\t<\/section>\n\t\t\t\t<\/div>\n\t\t","protected":false},"excerpt":{"rendered":"<p>Datenschutzrichtlinie Wir respektieren Ihre Privatsph\u00e4re und verpflichten uns, diese durch diese Richtlinie zu sch\u00fctzen. 1. Von uns erfasste Informationen Wir [&hellip;]<\/p>\n","protected":false},"author":1,"featured_media":0,"parent":0,"menu_order":0,"comment_status":"closed","ping_status":"open","template":"","meta":{"site-sidebar-layout":"default","site-content-layout":"","ast-site-content-layout":"","site-content-style":"default","site-sidebar-style":"default","ast-global-header-display":"","ast-banner-title-visibility":"","ast-main-header-display":"","ast-hfb-above-header-display":"","ast-hfb-below-header-display":"","ast-hfb-mobile-header-display":"","site-post-title":"","ast-breadcrumbs-content":"","ast-featured-img":"","footer-sml-layout":"","theme-transparent-header-meta":"","adv-header-id-meta":"","stick-header-meta":"","header-above-stick-meta":"","header-main-stick-meta":"","header-below-stick-meta":"","astra-migrate-meta-layouts":"default","ast-page-background-enabled":"default","ast-page-background-meta":{"desktop":{"background-color":"var(--ast-global-color-5)","background-image":"","background-repeat":"repeat","background-position":"center center","background-size":"auto","background-attachment":"scroll","background-type":"","background-media":"","overlay-type":"","overlay-color":"","overlay-opacity":"","overlay-gradient":""},"tablet":{"background-color":"","background-image":"","background-repeat":"repeat","background-position":"center center","background-size":"auto","background-attachment":"scroll","background-type":"","background-media":"","overlay-type":"","overlay-color":"","overlay-opacity":"","overlay-gradient":""},"mobile":{"background-color":"","background-image":"","background-repeat":"repeat","background-position":"center center","background-size":"auto","background-attachment":"scroll","background-type":"","background-media":"","overlay-type":"","overlay-color":"","overlay-opacity":"","overlay-gradient":""}},"ast-content-background-meta":{"desktop":{"background-color":"var(--ast-global-color-4)","background-image":"","background-repeat":"repeat","background-position":"center center","background-size":"auto","background-attachment":"scroll","background-type":"","background-media":"","overlay-type":"","overlay-color":"","overlay-opacity":"","overlay-gradient":""},"tablet":{"background-color":"var(--ast-global-color-4)","background-image":"","background-repeat":"repeat","background-position":"center center","background-size":"auto","background-attachment":"scroll","background-type":"","background-media":"","overlay-type":"","overlay-color":"","overlay-opacity":"","overlay-gradient":""},"mobile":{"background-color":"var(--ast-global-color-4)","background-image":"","background-repeat":"repeat","background-position":"center center","background-size":"auto","background-attachment":"scroll","background-type":"","background-media":"","overlay-type":"","overlay-color":"","overlay-opacity":"","overlay-gradient":""}},"footnotes":""},"class_list":["post-636","page","type-page","status-publish","hentry"],"_links":{"self":[{"href":"https:\/\/alshabrawygroup.com\/de\/wp-json\/wp\/v2\/pages\/636","targetHints":{"allow":["GET"]}}],"collection":[{"href":"https:\/\/alshabrawygroup.com\/de\/wp-json\/wp\/v2\/pages"}],"about":[{"href":"https:\/\/alshabrawygroup.com\/de\/wp-json\/wp\/v2\/types\/page"}],"author":[{"embeddable":true,"href":"https:\/\/alshabrawygroup.com\/de\/wp-json\/wp\/v2\/users\/1"}],"replies":[{"embeddable":true,"href":"https:\/\/alshabrawygroup.com\/de\/wp-json\/wp\/v2\/comments?post=636"}],"version-history":[{"count":3,"href":"https:\/\/alshabrawygroup.com\/de\/wp-json\/wp\/v2\/pages\/636\/revisions"}],"predecessor-version":[{"id":639,"href":"https:\/\/alshabrawygroup.com\/de\/wp-json\/wp\/v2\/pages\/636\/revisions\/639"}],"wp:attachment":[{"href":"https:\/\/alshabrawygroup.com\/de\/wp-json\/wp\/v2\/media?parent=636"}],"curies":[{"name":"wp","href":"https:\/\/api.w.org\/{rel}","templated":true}]}}